{"id":5967,"date":"2025-08-04T11:02:05","date_gmt":"2025-08-04T09:02:05","guid":{"rendered":"https:\/\/paddocktweaks.nl\/?page_id=5967"},"modified":"2025-09-21T15:43:03","modified_gmt":"2025-09-21T13:43:03","slug":"e-book-5-wichtige-tipps-zur-bestimmung-der-richtigen-menge-an-raufutter","status":"publish","type":"page","link":"https:\/\/paddocktweaks.nl\/de\/e-book-5-essentiele-tips-om-de-juiste-hoeveelheid-ruwvoer-te-bepalen\/","title":{"rendered":"E-Book - 5 wichtige Tipps zur Bestimmung der richtigen Raufuttermenge"},"content":{"rendered":"<div class=\"wp-block-group alignfull pt_fancy_background has-global-padding is-layout-constrained wp-block-group-is-layout-constrained\" style=\"padding-top:var(--wp--preset--spacing--60);padding-bottom:var(--wp--preset--spacing--60)\">\n<div class=\"wp-block-group alignwide is-layout-flow wp-block-group-is-layout-flow\" style=\"padding-right:var(--wp--preset--spacing--20);padding-left:var(--wp--preset--spacing--20)\">\n<h2 class=\"wp-block-heading has-text-align-center\">E-Book - 5 wichtige Tipps zur Bestimmung der richtigen Raufuttermenge<\/h2>\n\n\n\n<p class=\"has-text-align-center\">Sch\u00f6n, dass Sie sich f\u00fcr eine kluge und bewusste F\u00fctterung Ihres Pferdes interessieren! Damit Ihr Pferd gesund und stark bleibt, f\u00e4ngt es bei den Grundlagen an: Raufutter.<br><br>Wie Sie Ihr Pferd gesund ern\u00e4hren k\u00f6nnen, ist eine Frage, die wir uns selbst gestellt haben, aber auch oft von unseren Kunden gestellt bekommen. Wir haben dann beschlossen, ein E-Book zu schreiben, um Ihnen bei der gleichen Frage zu helfen, die wir und unsere Kunden hatten.<br><br>Geben Sie unten Ihren Namen und Ihre E-Mail-Adresse ein, um das E-Book zu erhalten:<\/p>\n\n\n\n<div class=\"_form_1\"><\/div><script src=\"https:\/\/paddocktweaks.activehosted.com\/f\/embed.php?id=1\" charset=\"utf-8\"><\/script>\n<\/div>\n<\/div>","protected":false},"excerpt":{"rendered":"<p>E-Book \u2013 5 essenti\u00eble tips om de juiste hoeveelheid ruwvoer te bepalen Tof dat je interesse hebt in het slim &amp; bewust voeren van je paard! Je paard gezond en sterk houden begint bij de basis, het ruwvoer. Hoe je je paard nu op een gezonde manier kan voeren is een vraag die wij onszelf [&hellip;]<\/p>\n","protected":false},"author":1,"featured_media":0,"parent":0,"menu_order":0,"comment_status":"closed","ping_status":"closed","template":"","meta":{"iawp_total_views":153,"footnotes":""},"class_list":["post-5967","page","type-page","status-publish","hentry"],"_links":{"self":[{"href":"https:\/\/paddocktweaks.nl\/de\/wp-json\/wp\/v2\/pages\/5967","targetHints":{"allow":["GET"]}}],"collection":[{"href":"https:\/\/paddocktweaks.nl\/de\/wp-json\/wp\/v2\/pages"}],"about":[{"href":"https:\/\/paddocktweaks.nl\/de\/wp-json\/wp\/v2\/types\/page"}],"author":[{"embeddable":true,"href":"https:\/\/paddocktweaks.nl\/de\/wp-json\/wp\/v2\/users\/1"}],"replies":[{"embeddable":true,"href":"https:\/\/paddocktweaks.nl\/de\/wp-json\/wp\/v2\/comments?post=5967"}],"version-history":[{"count":5,"href":"https:\/\/paddocktweaks.nl\/de\/wp-json\/wp\/v2\/pages\/5967\/revisions"}],"predecessor-version":[{"id":6511,"href":"https:\/\/paddocktweaks.nl\/de\/wp-json\/wp\/v2\/pages\/5967\/revisions\/6511"}],"wp:attachment":[{"href":"https:\/\/paddocktweaks.nl\/de\/wp-json\/wp\/v2\/media?parent=5967"}],"curies":[{"name":"wp","href":"https:\/\/api.w.org\/{rel}","templated":true}]}}