{"id":4,"date":"2025-08-04T06:46:08","date_gmt":"2025-08-04T06:46:08","guid":{"rendered":"https:\/\/paddocktweaks.nl\/?page_id=4"},"modified":"2025-09-21T16:06:31","modified_gmt":"2025-09-21T14:06:31","slug":"kontakt","status":"publish","type":"page","link":"https:\/\/paddocktweaks.nl\/de\/contact\/","title":{"rendered":"Kontakt"},"content":{"rendered":"<div class=\"wp-block-group alignfull pt_content_block pt_fancy_background has-global-padding is-layout-constrained wp-block-group-is-layout-constrained\" style=\"padding-top:var(--wp--preset--spacing--60);padding-bottom:var(--wp--preset--spacing--60)\">\n<div class=\"wp-block-group alignwide is-layout-flow wp-container-core-group-is-layout-d7e64215 wp-block-group-is-layout-flow\">\n<h2 class=\"wp-block-heading\">Kontaktdaten<\/h2>\n\n\n\n<p>Wir sind erreichbar von Montag bis Freitag von 09:00 bis 17:00 Uhr.<br><br>M\u00f6chten Sie vorbeikommen, um unsere Produkte in echt zu sehen? Das ist (nach Vereinbarung) w\u00e4hrend unserer \u00d6ffnungszeiten m\u00f6glich. Bei einer Tasse Kaffee oder Tee zeigen wir Ihnen gerne, was wir f\u00fcr Sie und Ihr Pferd tun k\u00f6nnen!\n<br><br>\nKleiner Hinweis: Wir schreiben besser Deutsch als wir es sprechen \u2013 bei einem Besuch unterhalten wir uns daher am liebsten auf Englisch oder Niederl\u00e4ndisch!<\/p>\n\n\n\n<div class=\"wp-block-group is-vertical is-layout-flex wp-container-core-group-is-layout-c35747d5 wp-block-group-is-layout-flex\">\n<div class=\"wp-block-group is-nowrap is-layout-flex wp-container-core-group-is-layout-6c531013 wp-block-group-is-layout-flex\">\n<div class=\"wp-block-outermost-icon-block\"><a class=\"icon-container\" href=\"https:\/\/www.google.com\/maps\/search\/PaddockTweaks,+Nunspeet,+8072%20PB+Nederland\" style=\"width:48px;transform:rotate(0deg) scaleX(1) scaleY(1)\" rel=\"noopener\"><svg xmlns=\"http:\/\/www.w3.org\/2000\/svg\" viewbox=\"0 0 24 24\" aria-hidden=\"true\"><path d=\"m21.5 9.1-6.6-6.6-4.2 5.6c-1.2-.1-2.4.1-3.6.7-.1 0-.1.1-.2.1-.5.3-.9.6-1.2.9l3.7 3.7-5.7 5.7v1.1h1.1l5.7-5.7 3.7 3.7c.4-.4.7-.8.9-1.2.1-.1.1-.2.2-.3.6-1.1.8-2.4.6-3.6l5.6-4.1zm-7.3 3.5.1.9c.1.9 0 1.8-.4 2.6l-6-6c.8-.4 1.7-.5 2.6-.4l.9.1L15 4.9 19.1 9l-4.9 3.6z\"><\/path><\/svg><\/a><\/div>\n\n\n\n<p><a href=\"https:\/\/www.google.com\/maps\/search\/PaddockTweaks,+Nunspeet,+8072%20PB+Nederland\" target=\"_blank\" rel=\"noreferrer noopener\">Oosteinderweg 85<\/a><br><a href=\"https:\/\/www.google.com\/maps\/search\/PaddockTweaks,+Nunspeet,+8072%20PB+Nederland\" target=\"_blank\" rel=\"noreferrer noopener\">8072 PB Nunspeet<br><\/a><a href=\"https:\/\/www.google.com\/maps\/search\/PaddockTweaks,+Nunspeet,+8072%20PB+Nederland\" target=\"_blank\" rel=\"noreferrer noopener\">Niederlande<\/a><\/p>\n<\/div>\n\n\n\n<div class=\"wp-block-group is-nowrap is-layout-flex wp-container-core-group-is-layout-6c531013 wp-block-group-is-layout-flex\">\n<div class=\"wp-block-outermost-icon-block\"><a class=\"icon-container\" href=\"https:\/\/wa.me\/31850041513\" style=\"width:48px;transform:rotate(0deg) scaleX(1) scaleY(1)\" rel=\"noopener\"><svg width=\"360\" height=\"362\" viewbox=\"0 0 360 362\" fill=\"none\" xmlns=\"http:\/\/www.w3.org\/2000\/svg\"><path fill-rule=\"evenodd\" clip-rule=\"evenodd\" d=\"M307.546 52.5655C273.709 18.685 228.706 0.0171895 180.756 0C81.951 0 1.53846 80.404 1.50408 179.235C1.48689 210.829 9.74646 241.667 25.4319 268.844L0 361.736L95.0236 336.811C121.203 351.096 150.683 358.616 180.679 358.625H180.756C279.544 358.625 359.966 278.212 360 179.381C360.017 131.483 341.392 86.4547 307.546 52.5741V52.5655ZM180.756 328.354H180.696C153.966 328.346 127.744 321.16 104.865 307.589L99.4242 304.358L43.034 319.149L58.0834 264.168L54.5423 258.53C39.6304 234.809 31.749 207.391 31.7662 179.244C31.8006 97.1036 98.6334 30.2707 180.817 30.2707C220.61 30.2879 258.015 45.8015 286.145 73.9665C314.276 102.123 329.755 139.562 329.738 179.364C329.703 261.513 262.871 328.346 180.756 328.346V328.354ZM262.475 216.777C257.997 214.534 235.978 203.704 231.869 202.209C227.761 200.713 224.779 199.966 221.796 204.452C218.814 208.939 210.228 219.029 207.615 222.011C205.002 225.002 202.389 225.372 197.911 223.128C193.434 220.885 179.003 216.158 161.891 200.902C148.578 189.024 139.587 174.362 136.975 169.875C134.362 165.389 136.7 162.965 138.934 160.739C140.945 158.728 143.412 155.505 145.655 152.892C147.899 150.279 148.638 148.406 150.133 145.423C151.629 142.432 150.881 139.82 149.764 137.576C148.646 135.333 139.691 113.287 135.952 104.323C132.316 95.5909 128.621 96.777 125.879 96.6309C123.266 96.5019 120.284 96.4762 117.293 96.4762C114.302 96.4762 109.454 97.5935 105.346 102.08C101.238 106.566 89.6691 117.404 89.6691 139.441C89.6691 161.478 105.716 182.785 107.959 185.776C110.202 188.767 139.544 234.001 184.469 253.408C195.153 258.023 203.498 260.782 210.004 262.845C220.731 266.257 230.494 265.776 238.212 264.624C246.816 263.335 264.71 253.786 268.44 243.326C272.17 232.866 272.17 223.893 271.053 222.028C269.936 220.163 266.945 219.037 262.467 216.794L262.475 216.777Z\" fill=\"#25D366\"><\/path><\/svg><\/a><\/div>\n\n\n\n<p><a href=\"tel:0031850041513\">+31(85)-0041513<\/a><\/p>\n<\/div>\n\n\n\n<div class=\"wp-block-group is-nowrap is-layout-flex wp-container-core-group-is-layout-6c531013 wp-block-group-is-layout-flex\">\n<div class=\"wp-block-outermost-icon-block\"><a class=\"icon-container\" href=\"mailto:info@paddocktweaks.nl\" style=\"width:48px;transform:rotate(0deg) scaleX(1) scaleY(1)\"><svg xmlns=\"http:\/\/www.w3.org\/2000\/svg\" viewbox=\"0 0 24 24\" aria-hidden=\"true\"><path d=\"M20,4H4C2.895,4,2,4.895,2,6v12c0,1.105,0.895,2,2,2h16c1.105,0,2-0.895,2-2V6C22,4.895,21.105,4,20,4z M20,8.236l-8,4.882 L4,8.236V6h16V8.236z\"><\/path><\/svg><\/a><\/div>\n\n\n\n<p><a href=\"mailto:info@paddocktweaks.nl\">info@paddocktweaks.nl<\/a><\/p>\n<\/div>\n\n\n\n<div class=\"wp-block-group is-nowrap is-layout-flex wp-container-core-group-is-layout-877c468d wp-block-group-is-layout-flex\">\n<div class=\"wp-block-outermost-icon-block\"><a class=\"icon-container\" href=\"https:\/\/www.facebook.com\/paddocktweaks\" style=\"width:48px;transform:rotate(0deg) scaleX(1) scaleY(1)\" rel=\"noopener\"><svg xmlns=\"http:\/\/www.w3.org\/2000\/svg\" viewbox=\"0 0 40 40\"><lineargradient id=\"facebook_a\" x1=\"-277.375\" x2=\"-277.375\" y1=\"406.6018\" y2=\"407.5726\" gradienttransform=\"matrix(40 0 0 -39.7778 11115.001 16212.334)\" gradientunits=\"userSpaceOnUse\"><stop offset=\"0\" stop-color=\"#0062e0\"><\/stop><stop offset=\"1\" stop-color=\"#19afff\"><\/stop><\/lineargradient><path fill=\"url(#facebook_a)\" d=\"M16.7 39.8C7.2 38.1 0 29.9 0 20 0 9 9 0 20 0s20 9 20 20c0 9.9-7.2 18.1-16.7 19.8l-1.1-.9h-4.4l-1.1.9z\"><\/path><path fill=\"#fff\" d=\"m27.8 25.6.9-5.6h-5.3v-3.9c0-1.6.6-2.8 3-2.8H29V8.2c-1.4-.2-3-.4-4.4-.4-4.6 0-7.8 2.8-7.8 7.8V20h-5v5.6h5v14.1c1.1.2 2.2.3 3.3.3 1.1 0 2.2-.1 3.3-.3V25.6h4.4z\"><\/path><\/svg><\/a><\/div>\n\n\n\n<div class=\"wp-block-outermost-icon-block\"><a class=\"icon-container\" href=\"https:\/\/www.instagram.com\/PaddockTweaks\/\" style=\"width:48px;transform:rotate(0deg) scaleX(1) scaleY(1)\" rel=\"noopener\"><svg xmlns=\"http:\/\/www.w3.org\/2000\/svg\" xmlns-xlink=\"http:\/\/www.w3.org\/1999\/xlink\" viewbox=\"0 0 264.583 264.583\"><defs><radialgradient xlink:href=\"#a\" id=\"f\" cx=\"158.429\" cy=\"578.088\" r=\"52.352\" fx=\"158.429\" fy=\"578.088\" gradienttransform=\"matrix(0 -4.03418 4.28018 0 -2332.227 942.236)\" gradientunits=\"userSpaceOnUse\"><\/radialgradient><radialgradient xlink:href=\"#b\" id=\"g\" cx=\"172.615\" cy=\"600.692\" r=\"65\" fx=\"172.615\" fy=\"600.692\" gradienttransform=\"matrix(.67441 -1.16203 1.51283 .87801 -814.366 -47.835)\" gradientunits=\"userSpaceOnUse\"><\/radialgradient><radialgradient xlink:href=\"#c\" id=\"h\" cx=\"144.012\" cy=\"51.337\" r=\"67.081\" fx=\"144.012\" fy=\"51.337\" gradienttransform=\"matrix(-2.3989 .67549 -.23008 -.81732 464.996 -26.404)\" gradientunits=\"userSpaceOnUse\"><\/radialgradient><radialgradient xlink:href=\"#d\" id=\"e\" cx=\"199.788\" cy=\"628.438\" r=\"52.352\" fx=\"199.788\" fy=\"628.438\" gradienttransform=\"matrix(-3.10797 .87652 -.6315 -2.23914 1345.65 1374.198)\" gradientunits=\"userSpaceOnUse\"><\/radialgradient><lineargradient id=\"d\"><stop offset=\"0\" stop-color=\"#ff005f\"><\/stop><stop offset=\"1\" stop-color=\"#fc01d8\"><\/stop><\/lineargradient><lineargradient id=\"c\"><stop offset=\"0\" stop-color=\"#780cff\"><\/stop><stop offset=\"1\" stop-color=\"#820bff\" stop-opacity=\"0\"><\/stop><\/lineargradient><lineargradient id=\"b\"><stop offset=\"0\" stop-color=\"#fc0\"><\/stop><stop offset=\"1\" stop-color=\"#fc0\" stop-opacity=\"0\"><\/stop><\/lineargradient><lineargradient id=\"a\"><stop offset=\"0\" stop-color=\"#fc0\"><\/stop><stop offset=\".124\" stop-color=\"#fc0\"><\/stop><stop offset=\".567\" stop-color=\"#fe4a05\"><\/stop><stop offset=\".694\" stop-color=\"#ff0f3f\"><\/stop><stop offset=\"1\" stop-color=\"#fe0657\" stop-opacity=\"0\"><\/stop><\/lineargradient><\/defs><path d=\"M204.15 18.143c-55.23 0-71.383.057-74.523.317-11.334.943-18.387 2.728-26.07 6.554-5.922 2.942-10.592 6.351-15.2 11.13-8.395 8.716-13.482 19.44-15.324 32.184-.895 6.188-1.156 7.45-1.209 39.056-.02 10.536 0 24.4 0 42.999 0 55.2.062 71.341.326 74.476.916 11.032 2.645 17.973 6.308 25.565 7 14.533 20.37 25.443 36.12 29.514 5.453 1.404 11.476 2.178 19.208 2.544 3.277.142 36.669.244 70.081.244 33.413 0 66.826-.04 70.02-.203 8.954-.422 14.153-1.12 19.901-2.606 15.852-4.09 28.977-14.838 36.12-29.575 3.591-7.409 5.412-14.614 6.236-25.07.18-2.28.255-38.626.255-74.924 0-36.304-.082-72.583-.26-74.863-.835-10.625-2.656-17.77-6.364-25.32-3.042-6.182-6.42-10.799-11.324-15.519-8.748-8.36-19.452-13.45-32.207-15.29-6.18-.894-7.41-1.158-39.033-1.213z\" fill=\"url(#e)\" transform=\"translate(-71.816 -18.143)\"><\/path><path d=\"M204.15 18.143c-55.23 0-71.383.057-74.523.317-11.334.943-18.387 2.728-26.07 6.554-5.922 2.942-10.592 6.351-15.2 11.13-8.395 8.716-13.482 19.44-15.324 32.184-.895 6.188-1.156 7.45-1.209 39.056-.02 10.536 0 24.4 0 42.999 0 55.2.062 71.341.326 74.476.916 11.032 2.645 17.973 6.308 25.565 7 14.533 20.37 25.443 36.12 29.514 5.453 1.404 11.476 2.178 19.208 2.544 3.277.142 36.669.244 70.081.244 33.413 0 66.826-.04 70.02-.203 8.954-.422 14.153-1.12 19.901-2.606 15.852-4.09 28.977-14.838 36.12-29.575 3.591-7.409 5.412-14.614 6.236-25.07.18-2.28.255-38.626.255-74.924 0-36.304-.082-72.583-.26-74.863-.835-10.625-2.656-17.77-6.364-25.32-3.042-6.182-6.42-10.799-11.324-15.519-8.748-8.36-19.452-13.45-32.207-15.29-6.18-.894-7.41-1.158-39.033-1.213z\" fill=\"url(#f)\" transform=\"translate(-71.816 -18.143)\"><\/path><path d=\"M204.15 18.143c-55.23 0-71.383.057-74.523.317-11.334.943-18.387 2.728-26.07 6.554-5.922 2.942-10.592 6.351-15.2 11.13-8.395 8.716-13.482 19.44-15.324 32.184-.895 6.188-1.156 7.45-1.209 39.056-.02 10.536 0 24.4 0 42.999 0 55.2.062 71.341.326 74.476.916 11.032 2.645 17.973 6.308 25.565 7 14.533 20.37 25.443 36.12 29.514 5.453 1.404 11.476 2.178 19.208 2.544 3.277.142 36.669.244 70.081.244 33.413 0 66.826-.04 70.02-.203 8.954-.422 14.153-1.12 19.901-2.606 15.852-4.09 28.977-14.838 36.12-29.575 3.591-7.409 5.412-14.614 6.236-25.07.18-2.28.255-38.626.255-74.924 0-36.304-.082-72.583-.26-74.863-.835-10.625-2.656-17.77-6.364-25.32-3.042-6.182-6.42-10.799-11.324-15.519-8.748-8.36-19.452-13.45-32.207-15.29-6.18-.894-7.41-1.158-39.033-1.213z\" fill=\"url(#g)\" transform=\"translate(-71.816 -18.143)\"><\/path><path d=\"M204.15 18.143c-55.23 0-71.383.057-74.523.317-11.334.943-18.387 2.728-26.07 6.554-5.922 2.942-10.592 6.351-15.2 11.13-8.395 8.716-13.482 19.44-15.324 32.184-.895 6.188-1.156 7.45-1.209 39.056-.02 10.536 0 24.4 0 42.999 0 55.2.062 71.341.326 74.476.916 11.032 2.645 17.973 6.308 25.565 7 14.533 20.37 25.443 36.12 29.514 5.453 1.404 11.476 2.178 19.208 2.544 3.277.142 36.669.244 70.081.244 33.413 0 66.826-.04 70.02-.203 8.954-.422 14.153-1.12 19.901-2.606 15.852-4.09 28.977-14.838 36.12-29.575 3.591-7.409 5.412-14.614 6.236-25.07.18-2.28.255-38.626.255-74.924 0-36.304-.082-72.583-.26-74.863-.835-10.625-2.656-17.77-6.364-25.32-3.042-6.182-6.42-10.799-11.324-15.519-8.748-8.36-19.452-13.45-32.207-15.29-6.18-.894-7.41-1.158-39.033-1.213z\" fill=\"url(#h)\" transform=\"translate(-71.816 -18.143)\"><\/path><path d=\"M132.345 33.973c-26.716 0-30.07.117-40.563.594-10.472.48-17.62 2.136-23.876 4.567-6.47 2.51-11.958 5.87-17.426 11.335-5.472 5.464-8.834 10.948-11.354 17.412-2.44 6.252-4.1 13.397-4.57 23.858-.47 10.486-.593 13.838-.593 40.535 0 26.697.119 30.037.594 40.522.482 10.465 2.14 17.609 4.57 23.859 2.515 6.465 5.876 11.95 11.346 17.414 5.466 5.465 10.955 8.831 17.42 11.342 6.26 2.431 13.41 4.088 23.881 4.567 10.493.477 13.844.594 40.559.594 26.719 0 30.061-.117 40.555-.594 10.472-.48 17.63-2.136 23.888-4.567 6.468-2.51 11.948-5.877 17.414-11.345 5.472-5.464 8.834-10.949 11.354-17.412 2.419-6.252 4.079-13.398 4.57-23.858.472-10.486.595-13.828.595-40.525s-.123-30.047-.594-40.533c-.492-10.465-2.152-17.608-4.57-23.858-2.521-6.466-5.883-11.95-11.355-17.414-5.472-5.468-10.944-8.827-17.42-11.335-6.271-2.431-13.424-4.088-23.897-4.567-10.493-.477-13.834-.594-40.558-.594zm-8.825 17.715c2.62-.004 5.542 0 8.825 0 26.266 0 29.38.094 39.752.565 9.59.438 14.797 2.04 18.264 3.385 4.591 1.782 7.864 3.912 11.305 7.352 3.443 3.44 5.575 6.717 7.362 11.305 1.346 3.46 2.951 8.663 3.388 18.247.47 10.363.573 13.475.573 39.71 0 26.233-.102 29.346-.573 39.709-.44 9.584-2.042 14.786-3.388 18.247-1.783 4.587-3.919 7.854-7.362 11.292-3.443 3.44-6.712 5.57-11.305 7.352-3.463 1.352-8.673 2.95-18.264 3.388-10.37.47-13.486.573-39.752.573-26.268 0-29.38-.102-39.751-.573-9.592-.443-14.797-2.044-18.267-3.39-4.59-1.781-7.87-3.911-11.313-7.352-3.443-3.44-5.574-6.709-7.362-11.298-1.346-3.461-2.95-8.663-3.387-18.247-.472-10.363-.566-13.476-.566-39.726s.094-29.347.566-39.71c.438-9.584 2.04-14.786 3.387-18.25 1.783-4.588 3.919-7.865 7.362-11.305 3.443-3.44 6.722-5.57 11.313-7.357 3.468-1.351 8.675-2.95 18.267-3.39 9.075-.41 12.592-.531 30.926-.552zm61.337 16.322c-6.518 0-11.805 5.277-11.805 11.792 0 6.512 5.287 11.796 11.805 11.796 6.517 0 11.804-5.284 11.804-11.796 0-6.513-5.287-11.796-11.805-11.796zm-52.512 13.782c-27.9 0-50.519 22.603-50.519 50.482 0 27.879 22.62 50.471 50.52 50.471s50.51-22.592 50.51-50.47c0-27.88-22.613-50.483-50.513-50.483zm0 17.715c18.11 0 32.792 14.67 32.792 32.767 0 18.096-14.683 32.767-32.792 32.767-18.11 0-32.791-14.671-32.791-32.767 0-18.098 14.68-32.767 32.791-32.767z\" fill=\"#fff\"><\/path><\/svg><\/a><\/div>\n\n\n\n<div class=\"wp-block-outermost-icon-block\"><a class=\"icon-container\" href=\"https:\/\/www.youtube.com\/@paddocktweaks\" style=\"width:48px;transform:rotate(0deg) scaleX(1) scaleY(1)\" rel=\"noopener\"><svg width=\"313.23315mm\" height=\"216.02286mm\" viewbox=\"0 0 313.23315 216.02286\" version=\"1.1\" id=\"svg5\" xml:space=\"preserve\" xmlns=\"http:\/\/www.w3.org\/2000\/svg\" xmlns:svg=\"http:\/\/www.w3.org\/2000\/svg\"><defs id=\"defs2\"><\/defs><g id=\"layer1\" transform=\"translate(-54.079375,-5.2758072)\"><path d=\"m 210.53177,221.29866 c 0,0 98.12514,0 122.46443,-6.48069 13.70449,-3.6724 24.01093,-14.2575 27.62825,-27.32688 6.68807,-23.97854 6.68807,-74.41988 6.68807,-74.41988 0,0 0,-50.117297 -6.68807,-73.879819 C 357.00713,25.79798 346.70069,15.42887 332.9962,11.864515 308.65691,5.2758072 210.53177,5.2758072 210.53177,5.2758072 c 0,0 -97.9062,0 -122.135976,6.5887078 -13.485335,3.564355 -24.010529,13.933465 -27.847831,27.326876 -6.468588,23.762522 -6.468588,73.879819 -6.468588,73.879819 0,0 0,50.44134 6.468588,74.41988 3.837302,13.06938 14.362496,23.65448 27.847831,27.32688 24.229776,6.48069 122.135976,6.48069 122.135976,6.48069 z\" fill=\"#ff0033\" id=\"path1412\" style=\"stroke-width:0.0208149\" clip-path=\"none\"><\/path><path d=\"M 259.30109,113.28723 178.29251,67.382379 v 91.809711 z\" fill=\"#ffffff\" id=\"path1414\" style=\"stroke-width:0.0208149\" clip-path=\"none\"><\/path><\/g><\/svg><\/a><\/div>\n<\/div>\n<\/div>\n<\/div>\n<\/div>","protected":false},"excerpt":{"rendered":"<p>Contactgegevens Wij zijn bereikbaar van maandag t\/m vrijdag van 09:00 tot 17:00. Wil je langskomen om onze producten eens in het echt te bekijken? Dat kan (op afspraak) tijdens onze openingstijden. Onder het genot van een kop koffie of thee laten we je graag zien wat we voor jou, en je paard, kunnen betekenen! Oosteinderweg [&hellip;]<\/p>\n","protected":false},"author":1,"featured_media":29,"parent":0,"menu_order":0,"comment_status":"closed","ping_status":"closed","template":"","meta":{"iawp_total_views":478,"footnotes":""},"class_list":["post-4","page","type-page","status-publish","has-post-thumbnail","hentry"],"_links":{"self":[{"href":"https:\/\/paddocktweaks.nl\/de\/wp-json\/wp\/v2\/pages\/4","targetHints":{"allow":["GET"]}}],"collection":[{"href":"https:\/\/paddocktweaks.nl\/de\/wp-json\/wp\/v2\/pages"}],"about":[{"href":"https:\/\/paddocktweaks.nl\/de\/wp-json\/wp\/v2\/types\/page"}],"author":[{"embeddable":true,"href":"https:\/\/paddocktweaks.nl\/de\/wp-json\/wp\/v2\/users\/1"}],"replies":[{"embeddable":true,"href":"https:\/\/paddocktweaks.nl\/de\/wp-json\/wp\/v2\/comments?post=4"}],"version-history":[{"count":6,"href":"https:\/\/paddocktweaks.nl\/de\/wp-json\/wp\/v2\/pages\/4\/revisions"}],"predecessor-version":[{"id":6432,"href":"https:\/\/paddocktweaks.nl\/de\/wp-json\/wp\/v2\/pages\/4\/revisions\/6432"}],"wp:featuredmedia":[{"embeddable":true,"href":"https:\/\/paddocktweaks.nl\/de\/wp-json\/wp\/v2\/media\/29"}],"wp:attachment":[{"href":"https:\/\/paddocktweaks.nl\/de\/wp-json\/wp\/v2\/media?parent=4"}],"curies":[{"name":"wp","href":"https:\/\/api.w.org\/{rel}","templated":true}]}}