{"id":17,"date":"2025-08-04T06:46:19","date_gmt":"2025-08-04T06:46:19","guid":{"rendered":"https:\/\/paddocktweaks.nl\/?page_id=17"},"modified":"2025-11-19T17:15:19","modified_gmt":"2025-11-19T16:15:19","slug":"datenschutzerklaerung","status":"publish","type":"page","link":"https:\/\/paddocktweaks.nl\/de\/privacyverklaring\/","title":{"rendered":"Datenschutzerkl\u00e4rung"},"content":{"rendered":"<div class=\"wp-block-group has-global-padding is-layout-constrained wp-block-group-is-layout-constrained\">\n<div class=\"wp-block-group alignwide has-global-padding is-layout-constrained wp-block-group-is-layout-constrained\">\n<div style=\"height:20px\" aria-hidden=\"true\" class=\"wp-block-spacer\"><\/div>\n\n\n\n<h1 class=\"wp-block-heading\">Datenschutzerkl\u00e4rung PaddockTweaks<\/h1>\n\n\n\n<p><strong>Letzte Aktualisierung: 28. Mai 2025<\/strong><\/p>\n\n\n\n<p>PaddockTweaks, ans\u00e4ssig am Oosteinderweg 85, 8072 PB Nunspeet, Niederlande, eingetragen bei der Handelskammer unter der Nummer 68255489, ist verantwortlich f\u00fcr die Verarbeitung von personenbezogenen Daten, wie in dieser Datenschutzerkl\u00e4rung dargestellt.<\/p>\n\n\n\n<h3 class=\"wp-block-heading\" style=\"margin-top:var(--wp--preset--spacing--40);margin-bottom:var(--wp--preset--spacing--40)\">Kontaktdaten<\/h3>\n\n\n\n<p>PaddockTweaks<br>Oosteinderweg 85<br>8072 PB Nunspeet, Niederlande<br>Telefon: 085 - 00 415 13<br>E-mail: <a href=\"mailto:info@paddocktweaks.nl\">info@paddocktweaks.nl<\/a><br>Website: <a href=\"https:\/\/paddocktweaks.nl\/de\/\">www.paddocktweaks.nl<\/a><\/p>\n\n\n\n<h3 class=\"wp-block-heading\" style=\"margin-top:var(--wp--preset--spacing--40);margin-bottom:var(--wp--preset--spacing--40)\"><strong>Personenbezogene Daten, die wir verarbeiten<\/strong><\/h3>\n\n\n\n<p>PaddockTweaks verarbeitet Ihre personenbezogenen Daten, weil Sie unsere Dienste nutzen und\/oder weil Sie uns diese selbst zur Verf\u00fcgung stellen. Nachfolgend finden Sie eine \u00dcbersicht der personenbezogenen Daten, die wir (m\u00f6glicherweise) verarbeiten, abh\u00e4ngig von Ihren Interaktionen mit unserer Website:<\/p>\n\n\n\n<ul class=\"wp-block-list\">\n<li><strong>Bei Kontaktaufnahme \u00fcber Kontaktformular oder E-Mail:<\/strong>\n<ul class=\"wp-block-list\">\n<li>Name<\/li>\n\n\n\n<li>E-Mail-Adresse<\/li>\n\n\n\n<li>Inhalt Ihrer Nachricht<\/li>\n<\/ul>\n<\/li>\n\n\n\n<li><strong>Bei Anmeldung f\u00fcr den Newsletter:<\/strong>\n<ul class=\"wp-block-list\">\n<li>E-Mail-Adresse (und ggf. Name, falls abgefragt)<\/li>\n<\/ul>\n<\/li>\n\n\n\n<li><strong>Bei Bestellungen im Webshop:<\/strong>\n<ul class=\"wp-block-list\">\n<li>Vor- und Nachname<\/li>\n\n\n\n<li>Adressdaten (Rechnungs- und Lieferadresse)<\/li>\n\n\n\n<li>Telefonnummer<\/li>\n\n\n\n<li>E-Mail-Adresse<\/li>\n\n\n\n<li>Zahlungsdaten (diese werden \u00fcber unsere gesicherten Zahlungsanbieter verarbeitet: Mollie, PayPal, SumUp.)<\/li>\n\n\n\n<li>Bestellhistorie<\/li>\n<\/ul>\n<\/li>\n\n\n\n<li><strong>Beim Besuch unserer Website:<\/strong>\n<ul class=\"wp-block-list\">\n<li>IP-Adresse (ggf. anonymisiert)<\/li>\n\n\n\n<li>Daten \u00fcber Ihre Aktivit\u00e4ten auf unserer Website (Surfverhalten, besuchte Seiten) - \u00fcber Cookies, siehe Punkt 7.<\/li>\n\n\n\n<li>Internetbrowser und Ger\u00e4tetyp - \u00fcber Cookies, siehe Punkt 7.<\/li>\n<\/ul>\n<\/li>\n\n\n\n<li><strong>Beim Hinterlassen von Kundenbewertungen oder Einsenden von Fotos (falls zutreffend):<\/strong>\n<ul class=\"wp-block-list\">\n<li>Name (wie angegeben)<\/li>\n\n\n\n<li>E-Mail-Adresse (falls abgefragt)<\/li>\n\n\n\n<li>Inhalt der Bewertung\/des Fotos<\/li>\n<\/ul>\n<\/li>\n<\/ul>\n\n\n\n<h3 class=\"wp-block-heading\" style=\"margin-top:var(--wp--preset--spacing--40);margin-bottom:var(--wp--preset--spacing--40)\"><strong><strong>Mit welchem Zweck und auf welcher Grundlage wir personenbezogene Daten verarbeiten<\/strong><\/strong><\/h3>\n\n\n\n<p>PaddockTweaks verarbeitet Ihre personenbezogenen Daten f\u00fcr die folgenden Zwecke:<\/p>\n\n\n\n<ul class=\"wp-block-list\">\n<li><strong>Die Bearbeitung Ihrer Kontaktanfrage und allgemeine Kommunikation:<\/strong> Grundlage: Berechtigtes Interesse (um Ihnen behilflich sein zu k\u00f6nnen).<\/li>\n\n\n\n<li><strong>Das Versenden unseres Newsletters:<\/strong> Grundlage: Zustimmung.<\/li>\n\n\n\n<li><strong>Das Verarbeiten und Liefern Ihrer Bestellung, einschlie\u00dflich zugeh\u00f6riger Kommunikation:<\/strong> Grundlage: Erf\u00fcllung des Vertrags.<\/li>\n\n\n\n<li><strong>Das Abwickeln Ihrer Zahlung:<\/strong> Grundlage: Erf\u00fcllung des Vertrags.<\/li>\n\n\n\n<li><strong>Sie \u00fcber \u00c4nderungen unserer Dienste und Produkte informieren:<\/strong> Grundlage: Erf\u00fcllung des Vertrags oder berechtigtes Interesse.<\/li>\n\n\n\n<li><strong>Kundenservice, Produktunterst\u00fctzung und Kundenbeziehungsmanagement (u. a. per E-Mail):<\/strong> Grundlage: Erf\u00fcllung des Vertrags oder berechtigtes Interesse.<\/li>\n\n\n\n<li><strong>Verbessern unserer Website und Dienstleistungen:<\/strong> Grundlage: Berechtigtes Interesse (unter Ber\u00fccksichtigung Ihrer Privatsph\u00e4re) oder Zustimmung (f\u00fcr bestimmte Cookies).<\/li>\n\n\n\n<li><strong>Erf\u00fcllung gesetzlicher Verpflichtungen:<\/strong> Beispielsweise die steuerliche Aufbewahrungspflicht. Grundlage: Gesetzliche Verpflichtung.<\/li>\n\n\n\n<li><strong>Das Ver\u00f6ffentlichen von Kundenbewertungen\/Fotos (falls zutreffend):<\/strong> Grundlage: Zustimmung.<\/li>\n<\/ul>\n\n\n\n<h3 class=\"wp-block-heading\" style=\"margin-top:var(--wp--preset--spacing--40);margin-bottom:var(--wp--preset--spacing--40)\"><strong><strong>Wie lange wir personenbezogene Daten speichern<\/strong><\/strong><\/h3>\n\n\n\n<p>PaddockTweaks speichert Ihre personenbezogenen Daten nicht l\u00e4nger als unbedingt notwendig, um die Zwecke zu realisieren, f\u00fcr die Ihre Daten gesammelt werden. Wir verwenden die folgenden Aufbewahrungsfristen:<\/p>\n\n\n\n<ul class=\"wp-block-list\">\n<li><strong>Allgemeine Kontaktanfragen (\u00fcber Formular\/E-Mail, nicht bestellbezogen):<\/strong> Daten werden so lange gespeichert, wie es f\u00fcr die vollst\u00e4ndige Beantwortung und Bearbeitung Ihrer Anfrage erforderlich ist, und danach maximal 12 Monate f\u00fcr interne Analysezwecke oder solange gesetzlich vorgeschrieben.<\/li>\n\n\n\n<li><strong>Kommunikation und Dokumente im Zusammenhang mit Angeboten, Bestellungen, Produkten und Kundenservice (einschlie\u00dflich E-Mail-Korrespondenz):<\/strong> Diese Daten speichern wir bis zu 7 Jahre nach der letzten Bestellung, dem Rechnungsdatum oder der Interaktion. Diese Frist erm\u00f6glicht es uns, Serviceleistungen f\u00fcr gelieferte Produkte zu erbringen, eventuelle Garantieanspr\u00fcche abzuwickeln, Fragen zu fr\u00fcheren Bestellungen zu beantworten und unserer steuerlichen Aufbewahrungspflicht nachzukommen.<\/li>\n\n\n\n<li><strong>Newsletter-Anmeldungen:<\/strong> Ihre E-Mail-Adresse wird gespeichert, bis Sie sich vom Newsletter abmelden.<\/li>\n\n\n\n<li><strong>Kundenkontodaten Webshop:<\/strong> Solange Sie ein aktives Konto bei uns haben. Wenn ein Konto inaktiv wird, werden die Daten nach einiger Zeit und sp\u00e4testens 7 Jahre nach der letzten Aktivit\u00e4t (gem\u00e4\u00df steuerlicher Aufbewahrungspflicht) gel\u00f6scht, es sei denn, Sie beantragen eine fr\u00fchere L\u00f6schung und es besteht keine andere gesetzliche Aufbewahrungspflicht.<\/li>\n\n\n\n<li><strong>Daten f\u00fcr Website-Analyse:<\/strong> Siehe unsere Cookie-Erkl\u00e4rung.<\/li>\n<\/ul>\n\n\n\n<h3 class=\"wp-block-heading\" style=\"margin-top:var(--wp--preset--spacing--40);margin-bottom:var(--wp--preset--spacing--40)\"><strong><strong>Weitergabe von personenbezogenen Daten an Dritte<\/strong><\/strong><\/h3>\n\n\n\n<p>PaddockTweaks gibt Ihre personenbezogenen Daten nur dann an Dritte weiter, wenn dies zur Erf\u00fcllung des Vertrags, zur Erf\u00fcllung einer eventuellen gesetzlichen Verpflichtung oder wenn Sie hierzu Ihre Zustimmung gegeben haben, erforderlich ist. Mit Unternehmen, die Ihre Daten in unserem Auftrag verarbeiten (Auftragsverarbeiter), schlie\u00dfen wir einen Auftragsverarbeitungsvertrag ab, um ein gleichwertiges Sicherheits- und Vertraulichkeitsniveau Ihrer Daten zu gew\u00e4hrleisten. PaddockTweaks bleibt f\u00fcr diese Verarbeitungen verantwortlich.<br>Beispiele f\u00fcr Dritte:<\/p>\n\n\n\n<ul class=\"wp-block-list\">\n<li>Hostingprovider der Website: WP.one<\/li>\n\n\n\n<li>Zahlungsanbieter: Mollie, PayPal, SumUp.<\/li>\n\n\n\n<li>Versandunternehmen: PostNL, DHL.<\/li>\n\n\n\n<li>E-Mail-Marketingsoftware (f\u00fcr Newsletter): MailBlue.<\/li>\n\n\n\n<li>Analysedienste: Siehe Punkt 5 und unsere Cookie-Erkl\u00e4rung f\u00fcr weitere Informationen \u00fcber Dienste wie Google Analytics.<\/li>\n<\/ul>\n\n\n\n<h3 class=\"wp-block-heading\" style=\"margin-top:var(--wp--preset--spacing--40);margin-bottom:var(--wp--preset--spacing--40)\"><strong><strong>\u00dcbermittlung von Daten au\u00dferhalb der EU<\/strong><\/strong><\/h3>\n\n\n\n<p>Wir nutzen Dienste, die personenbezogene Daten m\u00f6glicherweise au\u00dferhalb des Europ\u00e4ischen Wirtschaftsraums (EWR) verarbeiten, wie Google Analytics, Meta (Dienste wie Facebook und Instagram) und YouTube. Diese Parteien sind haupts\u00e4chlich in den Vereinigten Staaten ans\u00e4ssig.<br>F\u00fcr die \u00dcbermittlung von personenbezogenen Daten in L\u00e4nder au\u00dferhalb des EWR stellen wir sicher, dass dies in \u00dcbereinstimmung mit den geltenden Datenschutzgesetzen geschieht. Dies bedeutet, dass wir Daten nur dann weitergeben, wenn ein Angemessenheitsbeschluss der Europ\u00e4ischen Kommission vorliegt (wie das EU-US Data Privacy Framework, an dem diese Parteien h\u00e4ufig teilnehmen), oder wenn geeignete Garantien getroffen wurden, wie die Verwendung von Standard Contractual Clauses (SCCs), die von der Europ\u00e4ischen Kommission genehmigt wurden, erg\u00e4nzt durch eventuelle zus\u00e4tzliche Ma\u00dfnahmen.<br>Obwohl wir uns bem\u00fchen, mit Parteien zusammenzuarbeiten, die ein angemessenes Schutzniveau bieten, empfehlen wir Ihnen, auch die Datenschutzrichtlinien dieser Drittparteien zu konsultieren, um detailliertere Informationen dar\u00fcber zu erhalten, wie sie mit Ihren Daten umgehen.<\/p>\n\n\n\n<h3 class=\"wp-block-heading\" style=\"margin-top:var(--wp--preset--spacing--40);margin-bottom:var(--wp--preset--spacing--40)\"><strong><strong>Sicherheit von personenbezogenen Daten<\/strong><\/strong><\/h3>\n\n\n\n<p>PaddockTweaks nimmt den Schutz Ihrer Daten ernst und ergreift geeignete technische und organisatorische Ma\u00dfnahmen, um Missbrauch, Verlust, unbefugten Zugriff, unerw\u00fcnschte Offenlegung und unzul\u00e4ssige \u00c4nderung zu verhindern. So nutzen wir eine gesicherte SSL-Verbindung. Wenn Sie den Eindruck haben, dass Ihre Daten nicht gut gesichert sind oder es Hinweise auf Missbrauch gibt, nehmen Sie bitte Kontakt \u00fcber <a href=\"mailto:info@paddocktweaks.nl\">info@paddocktweaks.nl<\/a>.<\/p>\n\n\n\n<h3 class=\"wp-block-heading\" style=\"margin-top:var(--wp--preset--spacing--40);margin-bottom:var(--wp--preset--spacing--40)\"><strong><strong>Cookies oder vergleichbare Techniken, die wir verwenden<\/strong><\/strong><\/h3>\n\n\n\n<p>PaddockTweaks verwendet funktionale, analytische und Tracking-Cookies. Ein Cookie ist eine kleine Textdatei, die beim ersten Besuch dieser Website im Browser Ihres Computers, Tablets oder Smartphones gespeichert wird.<\/p>\n\n\n\n<ul class=\"wp-block-list\">\n<li><strong>Funktionale Cookies:<\/strong> Sorgen daf\u00fcr, dass die Website ordnungsgem\u00e4\u00df funktioniert.<\/li>\n\n\n\n<li><strong>Analytische Cookies:<\/strong> Sammeln (oft anonymisiert) Daten \u00fcber die Nutzung unserer Website und helfen uns, die Seite zu optimieren (z. B. \u00fcber Google Analytics).<\/li>\n\n\n\n<li><strong>Tracking-Cookies (Marketing-Cookies):<\/strong> Werden verwendet, um Ihr Surfverhalten zu verfolgen, oft durch dritte Parteien wie Meta oder YouTube (\u00fcber eingebettete Inhalte), sodass ma\u00dfgeschneiderte Inhalte und Anzeigen angeboten werden k\u00f6nnen. F\u00fcr das Setzen dieser Cookies bitten wir um Ihre Zustimmung.<br>Sie k\u00f6nnen sich von Cookies abmelden, indem Sie Ihren Internetbrowser so einstellen, dass dieser keine Cookies mehr speichert. Dar\u00fcber hinaus k\u00f6nnen Sie auch alle Informationen, die zuvor gespeichert wurden, \u00fcber die Einstellungen Ihres Browsers l\u00f6schen.<br>Auf unserer Website ist ein Cookie-Banner vorhanden, mit dem Sie Ihre Pr\u00e4ferenzen verwalten k\u00f6nnen. F\u00fcr eine detaillierte \u00dcbersicht der Cookies, die wir verwenden (einschlie\u00dflich derer von Drittanbietern wie Google, Meta, YouTube), ihrer Zwecke und Aufbewahrungsfristen, verweisen wir Sie auf unsere <a href=\"https:\/\/paddocktweaks.nl\/cookie-policy-eu\/\" data-type=\"page\" data-id=\"5489\">Cookie-Erkl\u00e4rung<\/a>.<\/li>\n<\/ul>\n\n\n\n<h3 class=\"wp-block-heading\" style=\"margin-top:var(--wp--preset--spacing--40);margin-bottom:var(--wp--preset--spacing--40)\"><strong><strong>Ihre Rechte (Einsicht, Anpassen, L\u00f6schen, etc.)<\/strong><\/strong><\/h3>\n\n\n\n<p>Sie haben das Recht, Ihre personenbezogenen Daten einzusehen, zu korrigieren oder zu l\u00f6schen. Dar\u00fcber hinaus haben Sie das Recht, Ihre eventuelle Einwilligung zur Datenverarbeitung zu widerrufen oder Widerspruch gegen die Verarbeitung Ihrer personenbezogenen Daten durch PaddockTweaks einzulegen, und Sie haben das Recht auf Daten\u00fcbertragbarkeit. Das bedeutet, dass Sie bei uns einen Antrag stellen k\u00f6nnen, um die personenbezogenen Daten, die wir von Ihnen haben, in einer Computerdatei an Sie oder eine andere, von Ihnen genannte Organisation, zu senden.<\/p>\n\n\n\n<p>Sie k\u00f6nnen einen Antrag auf Einsicht, Korrektur, L\u00f6schung, Daten\u00fcbertragung Ihrer personenbezogenen Daten oder einen Antrag auf Widerruf Ihrer Einwilligung oder Widerspruch gegen die Verarbeitung Ihrer personenbezogenen Daten an info@paddocktweaks.nl senden. Um sicherzustellen, dass der Antrag auf Einsicht von Ihnen gestellt wurde, k\u00f6nnen wir Sie bitten, eine Kopie Ihres Ausweises mit dem Antrag mitzusenden. Machen Sie in dieser Kopie Ihr Passfoto, die MRZ (machine readable zone, der Streifen mit Nummern am unteren Rand des Passes), die Passnummer und die B\u00fcrgerservicenummer (BSN) schwarz, um Ihre Privatsph\u00e4re zu sch\u00fctzen. Wir reagieren so schnell wie m\u00f6glich, jedoch innerhalb von vier Wochen, auf Ihre Anfrage.<\/p>\n\n\n\n<p>PaddockTweaks m\u00f6chte Sie au\u00dferdem darauf hinweisen, dass Sie die M\u00f6glichkeit haben, eine Beschwerde bei der nationalen Aufsichtsbeh\u00f6rde, der Autoriteit Persoonsgegevens, einzureichen.<\/p>\n\n\n\n<h3 class=\"wp-block-heading\" style=\"margin-top:var(--wp--preset--spacing--40);margin-bottom:var(--wp--preset--spacing--40)\"><strong><strong>Automatisierte Entscheidungsfindung<\/strong><\/strong><\/h3>\n\n\n\n<p>PaddockTweaks trifft <strong>keine<\/strong> Entscheidungen auf der Grundlage automatisierter Verarbeitungen \u00fcber Angelegenheiten, die (erhebliche) Folgen f\u00fcr Personen haben k\u00f6nnen. Es handelt sich hierbei um Entscheidungen, die von Computerprogrammen oder -systemen getroffen werden, ohne dass ein Mensch (beispielsweise ein Mitarbeiter von PaddockTweaks) dazwischengeschaltet ist.<\/p>\n\n\n\n<h3 class=\"wp-block-heading\" style=\"margin-top:var(--wp--preset--spacing--40);margin-bottom:var(--wp--preset--spacing--40)\"><strong><strong>\u00c4nderungen der Datenschutzerkl\u00e4rung<\/strong><\/strong><\/h3>\n\n\n\n<p>Diese Datenschutzerkl\u00e4rung kann sich von Zeit zu Zeit \u00e4ndern. \u00c4nderungen werden auf unserer Website ver\u00f6ffentlicht. Es ist ratsam, diese Datenschutzerkl\u00e4rung regelm\u00e4\u00dfig zu konsultieren, damit Sie \u00fcber diese \u00c4nderungen informiert sind.<\/p>\n\n\n\n<p>Haben Sie Fragen zu unserer Datenschutzerkl\u00e4rung? Nehmen Sie gerne <a href=\"https:\/\/paddocktweaks.nl\/de\/kontakt\/\">Kontakt<\/a> mit uns auf.<\/p>\n<\/div>\n<\/div>","protected":false},"excerpt":{"rendered":"<p>Privacyverklaring PaddockTweaks Laatst bijgewerkt: 28 mei 2025 PaddockTweaks, gevestigd aan Oosteinderweg 85, 8072 PB Nunspeet, Nederland, ingeschreven bij de Kamer van Koophandel onder nummer 68255489, is verantwoordelijk voor de verwerking van persoonsgegevens zoals weergegeven in deze privacyverklaring. Contactgegevens PaddockTweaksOosteinderweg 858072 PB Nunspeet, NederlandTelefoon: 085 - 00 415 13E-mail: info@paddocktweaks.nlWebsite: www.paddocktweaks.nl Persoonsgegevens die wij verwerken PaddockTweaks [&hellip;]<\/p>\n","protected":false},"author":1,"featured_media":0,"parent":0,"menu_order":0,"comment_status":"closed","ping_status":"closed","template":"","meta":{"iawp_total_views":28,"footnotes":""},"class_list":["post-17","page","type-page","status-publish","hentry"],"_links":{"self":[{"href":"https:\/\/paddocktweaks.nl\/de\/wp-json\/wp\/v2\/pages\/17","targetHints":{"allow":["GET"]}}],"collection":[{"href":"https:\/\/paddocktweaks.nl\/de\/wp-json\/wp\/v2\/pages"}],"about":[{"href":"https:\/\/paddocktweaks.nl\/de\/wp-json\/wp\/v2\/types\/page"}],"author":[{"embeddable":true,"href":"https:\/\/paddocktweaks.nl\/de\/wp-json\/wp\/v2\/users\/1"}],"replies":[{"embeddable":true,"href":"https:\/\/paddocktweaks.nl\/de\/wp-json\/wp\/v2\/comments?post=17"}],"version-history":[{"count":2,"href":"https:\/\/paddocktweaks.nl\/de\/wp-json\/wp\/v2\/pages\/17\/revisions"}],"predecessor-version":[{"id":6785,"href":"https:\/\/paddocktweaks.nl\/de\/wp-json\/wp\/v2\/pages\/17\/revisions\/6785"}],"wp:attachment":[{"href":"https:\/\/paddocktweaks.nl\/de\/wp-json\/wp\/v2\/media?parent=17"}],"curies":[{"name":"wp","href":"https:\/\/api.w.org\/{rel}","templated":true}]}}