{"id":14,"date":"2025-08-04T06:46:17","date_gmt":"2025-08-04T06:46:17","guid":{"rendered":"https:\/\/paddocktweaks.nl\/?page_id=14"},"modified":"2026-01-16T10:34:16","modified_gmt":"2026-01-16T09:34:16","slug":"allgemeine-geschaeftsbedingungen","status":"publish","type":"page","link":"https:\/\/paddocktweaks.nl\/de\/algemene-voorwaarden\/","title":{"rendered":"Allgemeine Gesch\u00e4ftsbedingungen"},"content":{"rendered":"<div class=\"wp-block-group has-global-padding is-layout-constrained wp-block-group-is-layout-constrained\">\n<div class=\"wp-block-group alignwide has-global-padding is-layout-constrained wp-block-group-is-layout-constrained\">\n<div style=\"height:20px\" aria-hidden=\"true\" class=\"wp-block-spacer\"><\/div>\n\n\n\n<h1 class=\"wp-block-heading\">Allgemeine Gesch\u00e4ftsbedingungen<\/h1>\n\n\n\n<p>Dies sind die allgemeinen Gesch\u00e4ftsbedingungen von PaddockTweaks. Wenn Sie etwas bei uns bestellen, gelten diese Bedingungen. Wir empfehlen Ihnen, sie zu speichern, damit Sie sie immer leicht wiederfinden k\u00f6nnen. Den Download-Link finden Sie unten auf dieser Seite.<\/p>\n\n\n\n<div style=\"height:20px\" aria-hidden=\"true\" class=\"wp-block-spacer\"><\/div>\n\n\n\n<h3 class=\"wp-block-heading\">Begriffe<\/h3>\n\n\n\n<p>Bestimmte W\u00f6rter tauchen in diesen allgemeinen Gesch\u00e4ftsbedingungen mehrmals auf. Nachfolgend lesen Sie die Bedeutung dieser W\u00f6rter:<\/p>\n\n\n\n<ul class=\"wp-block-list\">\n<li><strong>PaddockTweaks<\/strong>: das Einzelunternehmen PaddockTweaks mit Sitz in Nunspeet, eingetragen bei der Handelskammer unter der Nummer 68255489, im Folgenden \u201ePaddockTweaks\u201c genannt, aber auch \u201euns\u201c und \u201ewir\u201c werden verwendet, um PaddockTweaks anzugeben;<\/li>\n\n\n\n<li><strong>K\u00e4ufer<\/strong>: die nat\u00fcrliche oder juristische Person, die eine Vereinbarung zum Kauf von Produkten von PaddockTweaks eingeht, auch bezeichnet mit \u201edu\u201c und \u201edich\u201c;<\/li>\n\n\n\n<li><strong>Verbraucher<\/strong>: der K\u00e4ufer, der eine nat\u00fcrliche Person ist und nicht in Aus\u00fcbung seines Berufs oder Gewerbes handelt.<\/li>\n\n\n\n<li><strong>Vereinbarung<\/strong>: jede Abmachung oder \u00dcbereinstimmung zwischen Ihnen und PaddockTweaks, bei der Sie Produkte von uns kaufen;<\/li>\n\n\n\n<li><strong>Schriftlich<\/strong>: sowohl Kommunikation per Post, aber auch per E-Mail;<\/li>\n\n\n\n<li><strong>Elektronischer Weg<\/strong>: \u00fcber das Internet, also \u00fcber unseren Webshop;<\/li>\n\n\n\n<li><strong>Angebot<\/strong>: die Produkte, wie sie auf der Website von PaddockTweaks pr\u00e4sentiert und zum Kauf angeboten werden;<\/li>\n\n\n\n<li><strong>Website<\/strong>: die Website paddocktweaks.nl\/.com\/.de<a href=\"https:\/\/paddocktweaks.nl\/de\/\"><br><\/a><\/li>\n<\/ul>\n\n\n\n<div style=\"height:20px\" aria-hidden=\"true\" class=\"wp-block-spacer\"><\/div>\n\n\n\n<h3 class=\"wp-block-heading\">Wann gelten diese Bedingungen?<\/h3>\n\n\n\n<p>Wenn Sie bei PaddockTweaks Sachen kaufen, gelten diese allgemeinen Gesch\u00e4ftsbedingungen. Sollten Sie selbst allgemeine Gesch\u00e4ftsbedingungen verwenden (wenn Sie beispielsweise selbst ein Unternehmen haben), dann gelten diese Bedingungen nicht.<\/p>\n\n\n\n<p>Wir k\u00f6nnen in Absprache jederzeit von den hier aufgef\u00fchrten Bedingungen abweichen. Dies ist g\u00fcltig, sobald wir das beide schriftlich best\u00e4tigt haben.<\/p>\n\n\n\n<div style=\"height:20px\" aria-hidden=\"true\" class=\"wp-block-spacer\"><\/div>\n\n\n\n<h3 class=\"wp-block-heading\">Wie kommt eine Vereinbarung zwischen uns zustande?<\/h3>\n\n\n\n<p>Wir bieten auf unserer Website Produkte an. Das ist unser Angebot. Wenn Sie sich entscheiden, diese Produkte zu kaufen, liegt eine Annahme unseres Angebots vor. Sie m\u00f6chten n\u00e4mlich gerne bei uns kaufen. Nachdem Sie die Produkte in Ihren Warenkorb gelegt und sie bezahlt haben, ist eine Vereinbarung zwischen uns zustande gekommen.<\/p>\n\n\n\n<p>Der Kauf und Verkauf erfolgt auf elektronischem Weg. Nachdem wir Ihre Bestellung erhalten haben, erhalten Sie eine Bestellbest\u00e4tigung.<\/p>\n\n\n\n<p>Es kann vorkommen, dass wir einen Tippfehler auf der Website machen. Wenn Sie verstehen oder verstehen sollten, dass dies ein offensichtlicher Irrtum oder Schreibfehler ist, k\u00f6nnen wir nicht an dieses Angebot gebunden werden. Selbstverst\u00e4ndlich werden wir Sie so schnell wie m\u00f6glich informieren, wenn wir feststellen, dass dies vorgekommen ist.<\/p>\n\n\n\n<div style=\"height:20px\" aria-hidden=\"true\" class=\"wp-block-spacer\"><\/div>\n\n\n\n<h3 class=\"wp-block-heading\">Bezahlung<\/h3>\n\n\n\n<p>Alle unsere Preise sind inklusive Mehrwertsteuer. Die Versandkosten sind nicht in dem Preis enthalten, den Sie sehen. Beim Abschlie\u00dfen Ihrer Bestellung w\u00e4hlen Sie die Versandmethode und sehen Sie die dazugeh\u00f6rigen Kosten.<\/p>\n\n\n\n<p>Sie m\u00fcssen Ihre Bestellung direkt bezahlen. Die Produkte werden immer unter Eigentumsvorbehalt geliefert. Das bedeutet, dass sie unser Eigentum bleiben, bis Sie vollst\u00e4ndig Ihrer Zahlungsverpflichtung nachgekommen sind.<\/p>\n\n\n\n<div style=\"height:20px\" aria-hidden=\"true\" class=\"wp-block-spacer\"><\/div>\n\n\n\n<h3 class=\"wp-block-heading\">Versand und Lieferzeit<\/h3>\n\n\n\n<p>Die aktuelle Lieferzeit ist bei jedem Produkt in unserem Webshop angegeben; diese Lieferzeiten sind eine Indikation. F\u00fcr Produkte, die nicht direkt ab Lager lieferbar sind, gilt die auf der Produktseite angegebene Lieferzeit.<\/p>\n\n\n\n<p>Der Versand erfolgt nach Eingang der vollst\u00e4ndigen Zahlung.<\/p>\n\n\n\n<ul class=\"wp-block-list\">\n<li><strong>Palettentransport<\/strong>: Der Spediteur liefert in der Regel zwischen 08:00 und 18:00 Uhr. Bitte beachten Sie, dass es aufgrund unvorhergesehener Umst\u00e4nde manchmal einen Werktag sp\u00e4ter zu einer Lieferung kommen kann; planen Sie hier also etwas Spielraum ein. Am Abend vor dem geplanten Liefertag erhalten Sie per E-Mail einen Track &amp; Trace-Code vom Spediteur. Sorgen Sie daf\u00fcr, dass der Standort f\u00fcr einen gro\u00dfen LKW (Auflieger) gut erreichbar ist und dass ausreichend Platz zum Man\u00f6vrieren und Entladen vorhanden ist. Der Fahrer entl\u00e4dt die Ware an der angegebenen Lieferadresse, direkt neben dem LKW auf der befestigten (\u00f6ffentlichen) Stra\u00dfe. Der Fahrer wird nicht von der befestigten \u00f6ffentlichen Stra\u00dfe abweichen.<\/li>\n\n\n\n<li><strong>Nicht zu Hause bei Lieferung<\/strong>: Wenn der Spediteur des Palettentransports nicht liefern kann, weil Sie an der Lieferadresse nicht anwesend sind, werden die Waren an das Depot des Spediteurs zur\u00fcckgeschickt. Es muss dann ein neuer Termin f\u00fcr die Lieferung vereinbart werden; bitte beachten Sie, dass hierf\u00fcr m\u00f6glicherweise zus\u00e4tzliche Kosten anfallen, die zu Ihren Lasten gehen. F\u00fcr Paketpost (PostNL) wird PostNL versuchen, das Paket bei den Nachbarn abzugeben oder eine Nachricht zu hinterlassen.<\/li>\n<\/ul>\n\n\n\n<p>Nach Lieferung der Bestellung an die angegebene Lieferadresse geht das Risiko f\u00fcr die Produkte auf Sie \u00fcber. Wenn Sie als K\u00e4ufer einen anderen Zustelldienst als den von PaddockTweaks angebotenen w\u00e4hlen, geht das Risiko in dem Moment \u00fcber, in dem wir das Paket bei dem betreffenden Zustelldienst abgeben. Wenn Sie die Bestellung selbst bei uns abholen, geht das Risiko in dem Moment \u00fcber, in dem Sie die Produkte in die H\u00e4nde bekommen.<\/p>\n\n\n\n<div style=\"height:20px\" aria-hidden=\"true\" class=\"wp-block-spacer\"><\/div>\n\n\n\n<h3 class=\"wp-block-heading\">Kontrolle bei Empfang und Transportsch\u00e4den<\/h3>\n\n\n\n<p>Kontrollieren Sie bei Palettentransport die Waren direkt bei Empfang auf Vollst\u00e4ndigkeit und eventuelle sichtbare Transportsch\u00e4den, bevor Sie f\u00fcr den Empfang unterschreiben. Wenn Sie Anmerkungen zum Zustand der Ware oder der Verpackung haben, melden Sie dies bitte direkt dem Fahrer und sorgen Sie daf\u00fcr, dass dies als Anmerkung auf dem Frachtbrief vermerkt wird. Sie unterschreiben schlie\u00dflich f\u00fcr \"Empfang in gutem Zustand\".<\/p>\n\n\n\n<p>Stellt sich nach dem Auspacken heraus, dass doch Sch\u00e4den an den gelieferten Waren vorhanden sind, die bei der ersten Inspektion nicht direkt sichtbar waren (verdeckte Sch\u00e4den)? Melden Sie dies dann so schnell wie m\u00f6glich, jedoch sp\u00e4testens innerhalb von 3 Werktagen nach Erhalt, per E-Mail an uns. Machen Sie deutliche Fotos von der besch\u00e4digten Verpackung (falls zutreffend) und dem Schaden am Produkt selbst. Bei einer zu sp\u00e4ten Meldung (nach 3 Werktagen) k\u00f6nnen wir unseren Spediteur leider nicht mehr f\u00fcr den Transportschaden haftbar machen, wodurch wir Schadenersatzanspr\u00fcche dann auch nicht mehr bearbeiten k\u00f6nnen.<\/p>\n\n\n\n<div style=\"height:20px\" aria-hidden=\"true\" class=\"wp-block-spacer\"><\/div>\n\n\n\n<h3 class=\"wp-block-heading\">Widerrufsrecht (R\u00fcckgabe, gesetzliche Bedenkzeit)<\/h3>\n\n\n\n<p>Nur wenn Sie eine nat\u00fcrliche Person sind und nicht in Aus\u00fcbung Ihres Berufs oder Gewerbes handeln (Verbraucher), k\u00f6nnen Sie sich auf diesen Artikel berufen. Die gesetzliche Bedenkzeit beinhaltet, dass Sie das Recht haben, die Vereinbarung mit PaddockTweaks innerhalb von 14 Tagen nach Erhalt der Bestellung kostenlos zu widerrufen. Sie m\u00fcssen als K\u00e4ufer keine Gr\u00fcnde angeben, warum Sie dies tun.<\/p>\n\n\n\n<p>Die Frist von 14 Tagen beginnt:<\/p>\n\n\n\n<ul class=\"wp-block-list\">\n<li>in dem Moment, in dem Sie oder ein von Ihnen beauftragter Dritter die Bestellung erhalten hat;<\/li>\n\n\n\n<li>wenn mehrere Produkte aus einer Bestellung in verschiedenen Lieferungen versandt werden: in dem Moment, in dem Sie oder ein von Ihnen beauftragter Dritter das letzte Produkt aus der Bestellung erhalten hat.<\/li>\n<\/ul>\n\n\n\n<p>W\u00e4hrend der Bedenkzeit m\u00fcssen Sie sorgf\u00e4ltig mit den Produkten umgehen. Sie d\u00fcrfen die Produkte auspacken oder auf eine Weise verwenden, die erforderlich ist, um die Art und Merkmale festzustellen. Dabei ist der Ausgangspunkt, dass Sie das Produkt nicht anders verwenden oder inspizieren d\u00fcrfen, als Sie es in einem Gesch\u00e4ft tun d\u00fcrften. Wenn es zu einer Wertminderung durch eine Nutzung kommt, die \u00fcber das zuvor Genannte hinausgeht, haften Sie f\u00fcr die daraus resultierende Wertminderung. Bei der R\u00fccksendung eines Haybutler berechnen wir eine Wertminderung von 5 % des Kaufpreises des Haybutler.<\/p>\n\n\n\n<p>Wenn Sie sich auf das Widerrufsrecht berufen wollen, bitten wir Sie, eine E-Mail an <a href=\"mailto:info@paddocktweaks.nl\">info@paddocktweaks.nl<\/a>zu senden. Wir werden dies so schnell wie m\u00f6glich best\u00e4tigen. <\/p>\n\n\n\n<p>Sie m\u00fcssen die Produkte sp\u00e4testens vierzehn Tage nach dieser Meldung an uns zur\u00fccksenden. Sofern dies zumutbar ist, muss dies im Originalzustand und in der Originalverpackung geschehen. Das Risiko und die Beweislast f\u00fcr die richtige und rechtzeitige Aus\u00fcbung des Widerrufsrechts liegt bei Ihnen. Als K\u00e4ufer m\u00fcssen Sie selbst die Kosten f\u00fcr die R\u00fccksendung bezahlen. Sp\u00e4testens vierzehn Tage nachdem Sie Ihre R\u00fccksendung angemeldet haben, wird zur Auszahlung des Kaufbetrags (abz\u00fcglich eventueller Wertminderung) auf die gleiche Weise \u00fcbergegangen, wie bezahlt wurde. Wir d\u00fcrfen mit der R\u00fcckzahlung warten, bis wir die Waren zur\u00fcckerhalten haben oder Sie nachgewiesen haben, dass Sie die Waren zur\u00fcckgesandt haben, je nachdem, welcher Zeitpunkt zuerst eintritt. Wenn Sie die gesamte Bestellung zur\u00fccksenden, erhalten Sie den vollst\u00e4ndigen Bestellbetrag einschlie\u00dflich der eventuell bezahlten Standardversandkosten f\u00fcr die Zusendung zur\u00fcck. Wenn Sie einen Teil der Bestellung zur\u00fccksenden, werden die urspr\u00fcnglichen Versandkosten f\u00fcr die Zusendung nicht zur\u00fcckerstattet.<\/p>\n\n\n\n<ul class=\"wp-block-list\">\n<li><strong>Ausnahmen<\/strong>: Die folgenden Produkte k\u00f6nnen nicht zur\u00fcckgegeben werden: Produkte, die speziell f\u00fcr Sie ma\u00dfgefertigt wurden (darunter Custom Haybutlers) und Produkte, die aus Gr\u00fcnden des Gesundheitsschutzes oder der Hygiene nicht zur R\u00fcckgabe geeignet sind (wie z. B. Slowfeedernetze).<\/li>\n\n\n\n<li><strong>Umtausch<\/strong>: M\u00f6chten Sie ein Produkt umtauschen? Senden Sie das Produkt, das Sie umtauschen m\u00f6chten, innerhalb von 30 Tagen nach Erhalt zur\u00fcck (siehe Bedingungen oben). Sobald wir Ihre R\u00fccksendung erhalten und bearbeitet haben, erstatten wir den Kaufbetrag zur\u00fcck. Anschlie\u00dfend k\u00f6nnen Sie das gew\u00fcnschte neue Produkt selbst \u00fcber unsere Website bestellen.<\/li>\n<\/ul>\n\n\n\n<div style=\"height:20px\" aria-hidden=\"true\" class=\"wp-block-spacer\"><\/div>\n\n\n\n<h3 class=\"wp-block-heading\">Garantie<\/h3>\n\n\n\n<p>Unsere Produkte m\u00fcssen den Spezifikationen entsprechen, wie sie auf der Website angegeben sind, sowie den angemessenen Anforderungen an die Tauglichkeit und\/oder Brauchbarkeit f\u00fcr den normalen Gebrauch. F\u00fcr Verbraucher gilt eine Garantiezeit von zwei Jahren, beginnend mit dem Versand- oder Abholdatum.<\/p>\n\n\n\n<p>Die Garantie erlischt, wenn Sie die Wartungsvorschriften (aus der Bedienungsanleitung) nicht einhalten oder wenn Sie selbst Anpassungen oder \u00c4nderungen an den Produkten vorgenommen haben oder dies von einem nicht von PaddockTweaks autorisierten Dritten haben vornehmen lassen. Es kann kein Anspruch auf die Garantie erhoben werden im Falle von:<\/p>\n\n\n\n<ul class=\"wp-block-list\">\n<li>Normale Abnutzung durch t\u00e4glichen Gebrauch.<\/li>\n\n\n\n<li>Sch\u00e4den infolge von falscher oder unsachgem\u00e4\u00dfer Verwendung, \u00dcberlastung, Fahrl\u00e4ssigkeit oder unzureichender Wartung.<\/li>\n\n\n\n<li>Sch\u00e4den, die durch \u00e4u\u00dfere Faktoren wie Unf\u00e4lle, Fall-, Sto\u00df-, Wasser-, Brand- oder Blitzsch\u00e4den verursacht werden.<\/li>\n\n\n\n<li>Sch\u00e4den, die durch Einwirkung von Mensch und\/oder Tier verursacht werden (z. B. Nagen, Bei\u00dfen, Treten oder unsachgem\u00e4\u00dfe Montage\/Demontage durch den Benutzer).<\/li>\n\n\n\n<li>Verbrauchsmaterialien wie Slowfeedernetze (es sei denn, es handelt sich um einen eindeutigen Herstellungsfehler bei Erhalt).<\/li>\n\n\n\n<li>Besch\u00e4digung durch Vorsatz oder Fahrl\u00e4ssigkeit oder bei Besch\u00e4digung durch die Nichtbeachtung oder nicht ordnungsgem\u00e4\u00dfe Beachtung des normalen \u00fcblichen Umgangs mit den Produkten, einschlie\u00dflich der Verwendung der Produkte f\u00fcr einen anderen Zweck als den, f\u00fcr den sie bestimmt sind.<\/li>\n<\/ul>\n\n\n\n<p>Wenn Sie von der Garantie Gebrauch machen m\u00f6chten, melden Sie den Defekt bitte innerhalb von 4 Wochen nach Entdeckung bei uns. Stellen Sie die Verwendung des Produkts sofort ein. Senden Sie eine E-Mail an <a href=\"mailto:info@paddocktweaks.nl\">info@paddocktweaks.nl<\/a> mit Ihrem Namen, Ihrer Bestellnummer, einer deutlichen Beschreibung des Defekts und wann Sie ihn entdeckt haben, sowie Fotos\/Videos. Wir beurteilen Ihren Anspruch und nehmen innerhalb einer Woche (oft schneller) Kontakt auf.<\/p>\n\n\n\n<p>Wenn nach R\u00fccksprache festgestellt wird, dass ein Produkt oder ein Teil zur Garantiebeurteilung oder -reparatur zur\u00fcckgesandt werden muss und der Anspruch begr\u00fcndet ist, gehen die Versandkosten f\u00fcr die Zusendung an PaddockTweaks und die R\u00fccksendung an Sie zu unseren Lasten. F\u00fcr komplette Haybutler deckt PaddockTweaks keine Kosten f\u00fcr den Palettentransport im Rahmen der Garantie; Probleme werden in der Regel durch die Zusendung von Teilen gel\u00f6st, deren Versandkosten wir jedoch \u00fcbernehmen.<\/p>\n\n\n\n<div style=\"height:20px\" aria-hidden=\"true\" class=\"wp-block-spacer\"><\/div>\n\n\n\n<h3 class=\"wp-block-heading\">Haftung<\/h3>\n\n\n\n<p>Wenn Sie Sch\u00e4den infolge eines Produkts erleiden, das Sie bei PaddockTweaks gekauft haben, dann sind zwei Situationen zu unterscheiden.<\/p>\n\n\n\n<ul class=\"wp-block-list\">\n<li><strong>Produkte, deren Hersteller wir sind<\/strong>: Dies sind Produkte, f\u00fcr die wir aufgrund des Gesetzes als Hersteller angesehen werden. Wenn Sie durch solche Produkte Sch\u00e4den erleiden, gilt, dass wir nur f\u00fcr direkte Sch\u00e4den haftbar gemacht werden k\u00f6nnen. Die Haftung ist immer auf maximal den Betrag beschr\u00e4nkt, den Sie f\u00fcr das Produkt bezahlt haben. Wenn unsere Versicherung zur Auszahlung \u00fcbergeht, ist die Haftung auf den Betrag beschr\u00e4nkt, den unser Versicherer in diesem speziellen Fall auszahlt.<\/li>\n\n\n\n<li><strong>Produkte, deren Hersteller wir nicht sind<\/strong>: F\u00fcr diese Produkte muss der Hersteller angesprochen werden. Wir werden Ihnen in diesem Fall die Kontaktdaten des Herstellers mitteilen, damit Sie es mit ihm abwickeln k\u00f6nnen. Wir sind hier weiter nie eine Partei.<\/li>\n<\/ul>\n\n\n\n<p>Wir sind niemals haftbar f\u00fcr indirekte Sch\u00e4den oder Folgesch\u00e4den. PaddockTweaks haftet nicht f\u00fcr eventuelle Sch\u00e4den an Pflasterungen, Zufahrten oder anderen Befestigungen infolge des Entladens oder Man\u00f6vrierens durch den Transporteur beim Palettentransport.<\/p>\n\n\n\n<div style=\"height:20px\" aria-hidden=\"true\" class=\"wp-block-spacer\"><\/div>\n\n\n\n<h3 class=\"wp-block-heading\">H\u00f6here Gewalt<\/h3>\n\n\n\n<p>Es kann vorkommen, dass wir unseren Verpflichtungen aus der Vereinbarung infolge h\u00f6herer Gewalt nicht nachkommen k\u00f6nnen. Wenn das der Fall ist, werden wir dies so schnell wie m\u00f6glich bei Ihnen bekannt machen. Die Erf\u00fcllung der Vereinbarung wird in diesem Fall so lange aufgeschoben, wie die h\u00f6here Gewalt andauert. Sie k\u00f6nnen an Krankheit denken, aber auch an Sachen wie Brand, Wasserschaden, \u00dcberschwemmung, Streik bei Zustelldiensten, staatliche Ma\u00dfnahmen, eine Pandemie oder Epidemie oder beispielsweise Unruhen. Auch wenn diese Situationen bei unseren Lieferanten auftreten, k\u00f6nnen wir uns auf h\u00f6here Gewalt berufen.<\/p>\n\n\n\n<div style=\"height:20px\" aria-hidden=\"true\" class=\"wp-block-spacer\"><\/div>\n\n\n\n<h3 class=\"wp-block-heading\">Beschwerden<\/h3>\n\n\n\n<p>Haben Sie eine Beschwerde \u00fcber PaddockTweaks? Das h\u00f6ren wir gerne unter der E-Mail-Adresse <a href=\"mailto:info@paddocktweaks.nl\">info@paddocktweaks.nl<\/a>. Wir streben danach, Ihre Beschwerde innerhalb einer Woche zu beantworten und ernst zu behandeln, damit wir gemeinsam nach einer L\u00f6sung suchen k\u00f6nnen. Wenn Sie ein Verbraucher sind, k\u00f6nnen Sie auch eine Beschwerde \u00fcber die europ\u00e4ische Streitbeilegungsplattform einreichen. Dies ist m\u00f6glich \u00fcber https:\/\/webgate.ec.europa.eu\/odr\/.<\/p>\n\n\n\n<div style=\"height:20px\" aria-hidden=\"true\" class=\"wp-block-spacer\"><\/div>\n\n\n\n<h3 class=\"wp-block-heading\">Schlussbestimmungen<\/h3>\n\n\n\n<p>Auf die Vereinbarung ist das niederl\u00e4ndische Recht anwendbar, unabh\u00e4ngig davon, wo Sie wohnen. Das Wiener Kaufrecht wird ausgeschlossen. Sofern keine zwingenden rechtlichen Regeln die Zust\u00e4ndigkeit eines anderen Gerichts bestimmen, werden alle Streitigkeiten zwischen PaddockTweaks und dem K\u00e4ufer dem zust\u00e4ndigen niederl\u00e4ndischen Gericht des Sitzes von PaddockTweaks vorgelegt.<\/p>\n\n\n\n<p>Es kann vorkommen, dass eine oder mehrere Bestimmungen aus diesen allgemeinen Gesch\u00e4ftsbedingungen nichtig sind. Das hat dann keine Folgen f\u00fcr die \u00fcbrigen Bestimmungen, die bleiben einfach g\u00fcltig. F\u00fcr die Bestimmung, die sich als nichtig erweist, werden wir gemeinsam eine neue Bestimmung aufstellen, mit der wir die Absicht der urspr\u00fcnglichen Bestimmung so weit wie m\u00f6glich ber\u00fccksichtigen.<\/p>\n\n\n\n<p>Die allgemeinen Gesch\u00e4ftsbedingungen sind in mehreren Sprachen verf\u00fcgbar. Bei Auslegungs- oder Interpretationsunterschieden zwischen den verschiedenen Sprachversionen hat die niederl\u00e4ndische Version Vorrang.<\/p>\n\n\n\n<p>Datum der letzten \u00c4nderung: 27. Mai 2025.<\/p>\n\n\n\n<div style=\"height:20px\" aria-hidden=\"true\" class=\"wp-block-spacer\"><\/div>\n\n\n\n<h3 class=\"wp-block-heading\">Fragen<\/h3>\n\n\n\n<p>Haben Sie Fragen zu unseren allgemeinen Gesch\u00e4ftsbedingungen? Nehmen Sie gerne <a href=\"https:\/\/paddocktweaks.nl\/de\/kontakt\/\">Kontakt<\/a> mit uns auf. Wir helfen Ihnen gerne!<br><br><a href=\"https:\/\/paddocktweaks.nl\/wp-content\/media\/Algemene-Voorwaarden-PaddockTweaks.pdf\" target=\"_blank\" rel=\"noreferrer noopener\">Laden Sie die Allgemeinen Gesch\u00e4ftsbedingungen herunter<\/a><\/p>\n<\/div>\n<\/div>\n\n\n\n<p><\/p>","protected":false},"excerpt":{"rendered":"<p>Algemene voorwaarden Dit zijn de algemene voorwaarden van PaddockTweaks. Als je iets bij ons bestelt, zijn deze voorwaarden van toepassing. Onze tip is om ze op te slaan, zodat je ze altijd makkelijk terug kunt vinden. De download link vind je onderaan deze pagina. Begrippen Bepaalde woorden zie je verschillende keren terugkomen in deze algemene [&hellip;]<\/p>\n","protected":false},"author":1,"featured_media":0,"parent":0,"menu_order":0,"comment_status":"closed","ping_status":"closed","template":"","meta":{"iawp_total_views":125,"footnotes":""},"class_list":["post-14","page","type-page","status-publish","hentry"],"_links":{"self":[{"href":"https:\/\/paddocktweaks.nl\/de\/wp-json\/wp\/v2\/pages\/14","targetHints":{"allow":["GET"]}}],"collection":[{"href":"https:\/\/paddocktweaks.nl\/de\/wp-json\/wp\/v2\/pages"}],"about":[{"href":"https:\/\/paddocktweaks.nl\/de\/wp-json\/wp\/v2\/types\/page"}],"author":[{"embeddable":true,"href":"https:\/\/paddocktweaks.nl\/de\/wp-json\/wp\/v2\/users\/1"}],"replies":[{"embeddable":true,"href":"https:\/\/paddocktweaks.nl\/de\/wp-json\/wp\/v2\/comments?post=14"}],"version-history":[{"count":3,"href":"https:\/\/paddocktweaks.nl\/de\/wp-json\/wp\/v2\/pages\/14\/revisions"}],"predecessor-version":[{"id":7215,"href":"https:\/\/paddocktweaks.nl\/de\/wp-json\/wp\/v2\/pages\/14\/revisions\/7215"}],"wp:attachment":[{"href":"https:\/\/paddocktweaks.nl\/de\/wp-json\/wp\/v2\/media?parent=14"}],"curies":[{"name":"wp","href":"https:\/\/api.w.org\/{rel}","templated":true}]}}