{"id":12,"date":"2025-08-04T06:46:15","date_gmt":"2025-08-04T06:46:15","guid":{"rendered":"https:\/\/paddocktweaks.nl\/?page_id=12"},"modified":"2025-11-19T17:03:02","modified_gmt":"2025-11-19T16:03:02","slug":"versand-und-lieferzeit","status":"publish","type":"page","link":"https:\/\/paddocktweaks.nl\/de\/verzending-en-levertijd\/","title":{"rendered":"Versand und Lieferzeit"},"content":{"rendered":"<div class=\"wp-block-group has-global-padding is-layout-constrained wp-block-group-is-layout-constrained\">\n<div class=\"wp-block-group alignwide has-global-padding is-layout-constrained wp-block-group-is-layout-constrained\">\n<div style=\"height:20px\" aria-hidden=\"true\" class=\"wp-block-spacer\"><\/div>\n\n\n\n<h1 class=\"wp-block-heading\">Versand und Lieferzeit<\/h1>\n\n\n\n<p>Bei PaddockTweaks geben wir unser Bestes, um Ihre Bestellung so schnell und sorgf\u00e4ltig wie m\u00f6glich zu Ihnen zu bringen. Nachfolgend finden Sie alle Informationen dar\u00fcber, wie wir vorgehen.<\/p>\n\n\n\n<div style=\"height:20px\" aria-hidden=\"true\" class=\"wp-block-spacer\"><\/div>\n\n\n\n<h3 class=\"wp-block-heading\">Lieferzeit<\/h3>\n\n\n\n<p>Die aktuelle Lieferzeit ist bei jedem Produkt in unserem Webshop angegeben. Diese Lieferzeiten sind eine Sch\u00e4tzung.<\/p>\n\n\n\n<ul class=\"wp-block-list\">\n<li><strong>Produkte auf Lager (Paketpost):<\/strong>\n<ul class=\"wp-block-list\">\n<li>Bestellen Sie ein Produkt, das an Werktagen (Montag bis Freitag) vor 15:00 Uhr auf Lager ist und ist Ihre Zahlung eingegangen? Dann versenden wir Ihr Paket in der Regel noch am selben Tag.<\/li>\n\n\n\n<li>Die Zustellung per PostNL dauert in der Regel 1-2 Werktage innerhalb der Niederlande. F\u00fcr Belgien und Deutschland k\u00f6nnen Sie mit einigen zus\u00e4tzlichen Werktagen rechnen. Sobald Ihr Paket versendet wurde, erhalten Sie einen Track &amp; Trace-Code, um die Sendung zu verfolgen.<\/li>\n<\/ul>\n<\/li>\n\n\n\n<li><strong>Produkte nicht direkt auf Lager:<\/strong>\n<ul class=\"wp-block-list\">\n<li>F\u00fcr Produkte, die nicht direkt ab Lager lieferbar sind, gilt die auf der Produktseite angegebene Lieferzeit. Haben Sie hierzu eine spezielle Frage? Nehmen Sie gerne <a href=\"https:\/\/paddocktweaks.nl\/de\/kontakt\/\" data-type=\"page\" data-id=\"5434\">Kontakt<\/a> mit uns auf, um die aktuellste Einsch\u00e4tzung zu erhalten.<\/li>\n<\/ul>\n<\/li>\n\n\n\n<li><strong>Haybutlers:<\/strong>\n<ul class=\"wp-block-list\">\n<li>F\u00fcr gr\u00f6\u00dfere Produkte, die per Palette transportiert werden, wie z. B. unsere Haybutler, betr\u00e4gt die voraussichtliche Lieferzeit ca. 1 Woche nach Eingang Ihrer Bestellung und vollst\u00e4ndiger Bezahlung. Wir werden Sie kontaktieren, um die Lieferung abzustimmen.<\/li>\n<\/ul>\n<\/li>\n<\/ul>\n\n\n\n<div style=\"height:20px\" aria-hidden=\"true\" class=\"wp-block-spacer\"><\/div>\n\n\n\n<h3 class=\"wp-block-heading\">Versandkosten<\/h3>\n\n\n\n<p>Die Versandkosten werden automatisch in Ihrem Warenkorb berechnet, basierend auf dem Gewicht, der Gr\u00f6\u00dfe der Produkte und der Lieferadresse.<\/p>\n\n\n\n<ul class=\"wp-block-list\">\n<li><strong>Standard-Paketposttarife (ungef\u00e4hr):<\/strong>\n<ul class=\"wp-block-list\">\n<li>Niederlande: 8,50 \u20ac<\/li>\n\n\n\n<li>Belgien: 10,00 \u20ac<\/li>\n\n\n\n<li>Deutschland: 11,50 \u20ac<\/li>\n\n\n\n<li>F\u00fcr andere L\u00e4nder werden die Kosten direkt im Warenkorb angezeigt.<\/li>\n<\/ul>\n<\/li>\n\n\n\n<li><strong>Palettentransport:<\/strong>\n<ul class=\"wp-block-list\">\n<li>Die Kosten f\u00fcr den Palettentransport werden auf Basis Ihrer Postleitzahl berechnet und sind direkt im Warenkorb sichtbar.<\/li>\n\n\n\n<li><strong>Erl\u00e4uterung zu den Kosten des Palettentransports:<\/strong> Wir verstehen, dass die Kosten f\u00fcr den Palettentransport manchmal hoch erscheinen k\u00f6nnen. Gerne erkl\u00e4ren wir Ihnen, warum das so ist. Diese Kosten umfassen nicht nur den Transport selbst, sondern auch die Palette, zus\u00e4tzliche sch\u00fctzende Verpackungsmaterialien, Arbeitskosten, die Versicherung der Sendung und die aktuellen Treibstoffzuschl\u00e4ge, die Spediteure berechnen.<br>Um die Produktpreise f\u00fcr alle so fair wie m\u00f6glich zu halten - egal, ob Sie einen Haybutler versenden lassen oder abholen - haben wir uns daf\u00fcr entschieden, diese Transportkosten eins zu eins weiterzuberechnen, so wie wir sie selbst auch bezahlen. Wir verdienen also nichts extra an diesen Versandkosten.<\/li>\n<\/ul>\n<\/li>\n<\/ul>\n\n\n\n<div style=\"height:20px\" aria-hidden=\"true\" class=\"wp-block-spacer\"><\/div>\n\n\n\n<h3 class=\"wp-block-heading\">Palettentransport<\/h3>\n\n\n\n<p>F\u00fcr gro\u00dfe und schwere Produkte wie unsere Haybutler nutzen wir den Palettentransport \u00fcber einen spezialisierten Spediteur (in der Regel Dachser oder DHL). Hierbei gelten einige wichtige Punkte, um die Lieferung reibungslos zu gestalten:<\/p>\n\n\n\n<ul class=\"wp-block-list\">\n<li><strong>Lieferzeit und -fenster:<\/strong> Der Spediteur liefert in der Regel zwischen 08:00 und 18:00 Uhr. Bitte beachten Sie, dass es aufgrund unvorhergesehener Umst\u00e4nde, wie z. B. Staus oder anderer Verz\u00f6gerungen, vorkommen kann, dass die Lieferung erst einen Werktag sp\u00e4ter erfolgt. Planen Sie hier also etwas Spielraum ein.<\/li>\n\n\n\n<li><strong>Track &amp; Trace:<\/strong> Am Abend vor dem geplanten Liefertag erhalten Sie per E-Mail einen Track &amp; Trace-Code vom Spediteur. Wir empfehlen Ihnen, diesen Code am Liefertag selbst gut im Auge zu behalten, damit Sie eine Vorstellung von der voraussichtlichen Ankunftszeit haben.<\/li>\n\n\n\n<li><strong>Zug\u00e4nglichkeit und Abladeort:<\/strong>\n<ul class=\"wp-block-list\">\n<li>Der Fahrer kommt mit einem gro\u00dfen Lastwagen (Anh\u00e4nger). Stellen Sie sicher, dass der Standort f\u00fcr diesen Fahrzeugtyp gut erreichbar ist und dass gen\u00fcgend Platz zum Man\u00f6vrieren und Entladen vorhanden ist.<\/li>\n\n\n\n<li>Der Fahrer entl\u00e4dt die Ware an der angegebenen Lieferadresse, direkt neben dem LKW auf der befestigten (\u00f6ffentlichen) Stra\u00dfe.<\/li>\n\n\n\n<li>Aufgrund des Gewichts des LKW und des verwendeten Gabelstaplers\/Hubwagens wird der Fahrer nicht von der befestigten \u00f6ffentlichen Stra\u00dfe abweichen (z. B. Ihre Einfahrt befahren). PaddockTweaks haftet in keinem Fall f\u00fcr eventuelle Sch\u00e4den an privater Pflasterung, Einfahrten oder anderen Befestigungen, die durch das Entladen oder Man\u00f6vrieren entstehen.<\/li>\n<\/ul>\n<\/li>\n\n\n\n<li><strong>Empfang und Kontrolle:<\/strong>\n<ul class=\"wp-block-list\">\n<li>\u00dcberpr\u00fcfen Sie die Ware direkt bei Empfang auf Vollst\u00e4ndigkeit und eventuelle sichtbare Transportsch\u00e4den, <em>bevor<\/em> Sie f\u00fcr den Empfang unterschreiben.<\/li>\n\n\n\n<li>Wenn Sie Anmerkungen zum Zustand der Ware oder der Verpackung haben, melden Sie dies bitte direkt dem Fahrer und sorgen Sie daf\u00fcr, dass dies als Anmerkung auf dem Frachtbrief vermerkt wird. Sie unterschreiben schlie\u00dflich f\u00fcr \"Empfang in gutem Zustand\".<\/li>\n<\/ul>\n<\/li>\n\n\n\n<li><strong>Melden von Transportsch\u00e4den (nach Unterzeichnung):<\/strong>\n<ul class=\"wp-block-list\">\n<li>Stellt sich nach dem Auspacken heraus, dass die gelieferte Ware doch besch\u00e4digt ist, die bei der ersten Inspektion nicht direkt sichtbar war? Melden Sie dies dann so schnell wie m\u00f6glich, jedoch sp\u00e4testens <strong>innerhalb von 3 Werktagen<\/strong> nach Erhalt, per E-Mail an uns.<\/li>\n\n\n\n<li>Machen Sie deutliche Fotos von der besch\u00e4digten Verpackung (falls zutreffend) und dem Schaden am Produkt selbst.<\/li>\n\n\n\n<li>Bei einer zu sp\u00e4ten Meldung (nach 3 Werktagen) k\u00f6nnen wir unseren Spediteur leider nicht mehr f\u00fcr den Transportschaden haftbar machen, wodurch wir Schadenersatzanspr\u00fcche dann auch nicht mehr bearbeiten k\u00f6nnen.<\/li>\n<\/ul>\n<\/li>\n\n\n\n<li><strong>Nicht zu Hause bei Lieferung:<\/strong>\n<ul class=\"wp-block-list\">\n<li>Wenn der Spediteur nicht liefern kann, weil Sie an der Lieferadresse nicht anwesend sind, wird die Ware an das Depot des Spediteurs zur\u00fcckgeschickt.<\/li>\n\n\n\n<li>Es muss dann ein neuer Termin f\u00fcr die Lieferung vereinbart werden. Bitte beachten Sie, dass hier m\u00f6glicherweise zus\u00e4tzliche Kosten anfallen, die zu Ihren Lasten gehen.<\/li>\n<\/ul>\n<\/li>\n<\/ul>\n\n\n\n<div style=\"height:20px\" aria-hidden=\"true\" class=\"wp-block-spacer\"><\/div>\n\n\n\n<h3 class=\"wp-block-heading\">Abholung in Nunspeet<\/h3>\n\n\n\n<p>Sie k\u00f6nnen Ihre Bestellung kostenlos bei uns in Nunspeet abholen. Dies ist die g\u00fcnstigste Option und wir helfen Ihnen gerne beim Einladen - der Kaffee steht bereit!<\/p>\n\n\n\n<ul class=\"wp-block-list\">\n<li><strong>Nur nach Vereinbarung:<\/strong> Wir sind nicht immer anwesend. W\u00e4hlen Sie w\u00e4hrend des Bestellvorgangs 'Abholung' und nehmen Sie Kontakt auf, um einen Abholtermin zu vereinbaren. Wir w\u00fcrden uns freuen, wenn Sie uns eine halbe Stunde vor Ihrer tats\u00e4chlichen Ankunft kurz anrufen (<a href=\"tel:31850041513\">085-0041513<\/a>), um zu vermeiden, dass Sie vor einer geschlossenen T\u00fcr stehen.<\/li>\n\n\n\n<li><strong>Erreichbarkeit:<\/strong> Bitte beachten Sie, dass der Oosteinderweg in Nunspeet auf einer Seite f\u00fcr den Durchgangsverkehr gesperrt ist. Navigationssysteme leiten Sie manchmal falsch. Fahren Sie \u00fcber den Eperweg (nicht \u00fcber den Oostelijke Randweg):<br><img decoding=\"async\" class=\"wp-image-5478\" style=\"width: 450px;\" src=\"https:\/\/paddocktweaks.nl\/wp-content\/media\/route.png\" alt=\"\"><\/li>\n\n\n\n<li><strong>Abholung eines Haybutlers:<\/strong>\n<ul class=\"wp-block-list\">\n<li><strong>Transport:<\/strong> Aufgrund der Gr\u00f6\u00dfe und des Gewichts eines Haybutlers empfehlen wir dringend die Verwendung eines stabilen Anh\u00e4ngers oder Pferdeanh\u00e4ngers. Ein Kombi ist oft zu klein und es besteht die Gefahr einer Besch\u00e4digung Ihrer Autobekleidung.<\/li>\n\n\n\n<li><strong>Schutz:<\/strong> Nehmen Sie vorzugsweise stabile Umzugsdecken oder anderes weiches Schutzmaterial mit, um die Maschine w\u00e4hrend des Transports zu sch\u00fctzen.<\/li>\n<\/ul>\n<\/li>\n<\/ul>\n\n\n\n<div style=\"height:20px\" aria-hidden=\"true\" class=\"wp-block-spacer\"><\/div>\n\n\n\n<h3 class=\"wp-block-heading\">Allgemeine Informationen<\/h3>\n\n\n\n<ul class=\"wp-block-list\">\n<li><strong>Bezahlung:<\/strong> Wir versenden Ihre Bestellung, sobald die vollst\u00e4ndige Bezahlung eingegangen ist.<\/li>\n\n\n\n<li><strong>Spediteure:<\/strong> Pakete werden standardm\u00e4\u00dfig mit PostNL versendet. F\u00fcr Palettensendungen nutzen wir spezialisierte Spediteure wie DHL.<\/li>\n\n\n\n<li><strong>Risiko\u00fcbertragung:<\/strong>\n<ul class=\"wp-block-list\">\n<li>Das Risiko f\u00fcr die Produkte geht auf Sie \u00fcber, sobald die Lieferung an der von Ihnen angegebenen Lieferadresse durch den von uns beauftragten Spediteur erfolgt ist.<\/li>\n\n\n\n<li>W\u00e4hlen Sie selbst einen anderen Spediteur als den von PaddockTweaks standardm\u00e4\u00dfig angebotenen? Dann geht das Risiko auf Sie \u00fcber, sobald wir das Paket an den von Ihnen gew\u00e4hlten Spediteur \u00fcbergeben.<\/li>\n\n\n\n<li>Bei der Selbstabholung Ihrer Bestellung geht das Risiko auf Sie \u00fcber, sobald Sie die Produkte in Empfang nehmen.<\/li>\n<\/ul>\n<\/li>\n\n\n\n<li><strong>Nicht zu Hause bei Paketlieferung (PostNL)?<\/strong>\n<ul class=\"wp-block-list\">\n<li>PostNL wird versuchen, das Paket bei den Nachbarn abzugeben oder eine Nachricht mit Anweisungen f\u00fcr einen zweiten Zustellversuch oder eine Abholm\u00f6glichkeit bei einer Servicestelle zu hinterlassen. Behalten Sie hierf\u00fcr Ihre Track &amp; Trace-Informationen im Auge.<\/li>\n<\/ul>\n<\/li>\n<\/ul>\n\n\n\n<div style=\"height:20px\" aria-hidden=\"true\" class=\"wp-block-spacer\"><\/div>\n\n\n\n<h3 class=\"wp-block-heading\">Fragen?<\/h3>\n\n\n\n<p>Haben Sie spezielle Fragen zur Lieferzeit eines Produkts, Ihrem Versand oder m\u00f6chten Sie den Status Ihrer Bestellung wissen? Nehmen Sie dann gerne <a href=\"https:\/\/paddocktweaks.nl\/de\/kontakt\/\" data-type=\"page\" data-id=\"5434\">Kontakt<\/a> mit uns auf. Wir helfen Ihnen gerne!<\/p>\n<\/div>\n<\/div>","protected":false},"excerpt":{"rendered":"<p>Verzending en levertijd Bij PaddockTweaks doen we ons best om je bestelling zo snel en zorgvuldig mogelijk bij je te krijgen. Hieronder vind je alle informatie over hoe wij te werk gaan. Levertijd De actuele levertijd staat vermeld bij elk product op onze webshop. Deze levertijden zijn een indicatie. Verzendkosten De verzendkosten worden automatisch berekend [&hellip;]<\/p>\n","protected":false},"author":1,"featured_media":0,"parent":0,"menu_order":0,"comment_status":"closed","ping_status":"closed","template":"","meta":{"iawp_total_views":98,"footnotes":""},"class_list":["post-12","page","type-page","status-publish","hentry"],"_links":{"self":[{"href":"https:\/\/paddocktweaks.nl\/de\/wp-json\/wp\/v2\/pages\/12","targetHints":{"allow":["GET"]}}],"collection":[{"href":"https:\/\/paddocktweaks.nl\/de\/wp-json\/wp\/v2\/pages"}],"about":[{"href":"https:\/\/paddocktweaks.nl\/de\/wp-json\/wp\/v2\/types\/page"}],"author":[{"embeddable":true,"href":"https:\/\/paddocktweaks.nl\/de\/wp-json\/wp\/v2\/users\/1"}],"replies":[{"embeddable":true,"href":"https:\/\/paddocktweaks.nl\/de\/wp-json\/wp\/v2\/comments?post=12"}],"version-history":[{"count":1,"href":"https:\/\/paddocktweaks.nl\/de\/wp-json\/wp\/v2\/pages\/12\/revisions"}],"predecessor-version":[{"id":6781,"href":"https:\/\/paddocktweaks.nl\/de\/wp-json\/wp\/v2\/pages\/12\/revisions\/6781"}],"wp:attachment":[{"href":"https:\/\/paddocktweaks.nl\/de\/wp-json\/wp\/v2\/media?parent=12"}],"curies":[{"name":"wp","href":"https:\/\/api.w.org\/{rel}","templated":true}]}}